{"id":137,"date":"2018-01-20T02:48:56","date_gmt":"2018-01-20T01:48:56","guid":{"rendered":"https:\/\/dividiva.com\/vinerie\/?page_id=137"},"modified":"2026-02-28T10:54:34","modified_gmt":"2026-02-28T09:54:34","slug":"melanie-michael","status":"publish","type":"page","link":"https:\/\/www.iby-lehrner.at\/en\/melanie-michael\/","title":{"rendered":"Melanie &#038; Michael"},"content":{"rendered":"<p>[et_pb_section fb_built=&#8220;1&#8243; fullwidth=&#8220;on&#8220; _builder_version=&#8220;4.16&#8243; global_colors_info=&#8220;{}&#8220;][et_pb_fullwidth_header title=&#8220;Melanie &#038; Michael&#8220; subhead=&#8220;Die Menschen hinter dem WEIN-GUT&#8220; admin_label=&#8220;Fullwidth Header &#8211; background image 1920 x 800px&#8220; module_class=&#8220;dd-fixed-bg&#8220; _builder_version=&#8220;4.16&#8243; title_font=&#8220;|||on|||||&#8220; title_text_align=&#8220;center&#8220; title_font_size=&#8220;60px&#8220; subhead_text_align=&#8220;center&#8220; background_color=&#8220;rgba(255, 255, 255, 0)&#8220; background_image=&#8220;https:\/\/www.iby-lehrner.at\/wp-content\/uploads\/2020\/04\/slider3.jpg&#8220; title_text_shadow_style=&#8220;preset2&#8243; title_text_shadow_horizontal_length=&#8220;0.05em&#8220; title_text_shadow_vertical_length=&#8220;0.05em&#8220; title_text_shadow_blur_strength=&#8220;0.03em&#8220; title_text_shadow_color=&#8220;#b54a64&#8243; subhead_text_shadow_style=&#8220;preset5&#8243; subhead_text_shadow_color=&#8220;#000000&#8243; global_colors_info=&#8220;{}&#8220; button_one_text_size__hover_enabled=&#8220;off&#8220; button_two_text_size__hover_enabled=&#8220;off&#8220; button_one_text_color__hover_enabled=&#8220;off&#8220; button_two_text_color__hover_enabled=&#8220;off&#8220; button_one_border_width__hover_enabled=&#8220;off&#8220; button_two_border_width__hover_enabled=&#8220;off&#8220; button_one_border_color__hover_enabled=&#8220;off&#8220; button_two_border_color__hover_enabled=&#8220;off&#8220; button_one_border_radius__hover_enabled=&#8220;off&#8220; button_two_border_radius__hover_enabled=&#8220;off&#8220; button_one_letter_spacing__hover_enabled=&#8220;off&#8220; button_two_letter_spacing__hover_enabled=&#8220;off&#8220; button_one_bg_color__hover_enabled=&#8220;off&#8220; button_two_bg_color__hover_enabled=&#8220;off&#8220;][\/et_pb_fullwidth_header][\/et_pb_section][et_pb_section fb_built=&#8220;1&#8243; module_class=&#8220;dd-team&#8220; _builder_version=&#8220;4.16&#8243; background_color=&#8220;#ffffff&#8220; global_colors_info=&#8220;{}&#8220;][et_pb_row column_structure=&#8220;1_2,1_2&#8243; _builder_version=&#8220;4.16&#8243; background_size=&#8220;initial&#8220; background_position=&#8220;top_left&#8220; background_repeat=&#8220;repeat&#8220; global_colors_info=&#8220;{}&#8220;][et_pb_column type=&#8220;1_2&#8243; _builder_version=&#8220;4.16&#8243; custom_padding=&#8220;|||&#8220; global_colors_info=&#8220;{}&#8220; custom_padding__hover=&#8220;|||&#8220;][et_pb_team_member name=&#8220;Melanie Lehrner&#8220; position=&#8220;GASTGEBERIN &#038; Organisatorin&#8220; image_url=&#8220;https:\/\/www.iby-lehrner.at\/wp-content\/uploads\/2023\/02\/Melanie-Lehrner-2023-510.jpg&#8220; admin_label=&#8220;Person &#8211; photo 510px wide&#8220; _builder_version=&#8220;4.19.5&#8243; header_font=&#8220;|||on|||||&#8220; header_font_size=&#8220;24&#8243; border_color_all_image=&#8220;#b54a64&#8243; global_colors_info=&#8220;{}&#8220;]<\/p>\n<p>Melanie is much more than just the partner at the side of winemaker Michael. She is responsible for ensuring that everything in the house runs smoothly and always welcomes visitors to the winery with a warm and friendly smile. Not content with just organizing the winery, she also takes care of the manual work in the vineyards and looks after their two daughters, Marie and Luisa.<\/p>\n<p>Melanie is adventurous and open to trying new things. The winery\u2019s current appearance, with its bold colors and striking patterns, reflects her sense of innovation and the forward-looking spirit needed to stay ahead.<\/p>\n<p class=\"translation-block\">Since May 2018, she has been responsible for guest satisfaction at the <b> WEIN-Tr\u00e4umerei<\/b>, taking care of every detail with great dedication so that guests can enjoy an unforgettable stay with us.<\/p>\n<p>[\/et_pb_team_member][\/et_pb_column][et_pb_column type=&#8220;1_2&#8243; _builder_version=&#8220;4.16&#8243; custom_padding=&#8220;|||&#8220; global_colors_info=&#8220;{}&#8220; custom_padding__hover=&#8220;|||&#8220;][et_pb_team_member name=&#8220;Michael Lehrner&#8220; position=&#8220;Winzer &#038; Kellermeister&#8220; image_url=&#8220;https:\/\/www.iby-lehrner.at\/wp-content\/uploads\/2023\/02\/Michael-Lehrner-2023-510.jpg&#8220; admin_label=&#8220;Person &#8211; photo 510px wide&#8220; _builder_version=&#8220;4.19.5&#8243; header_font=&#8220;|||on|||||&#8220; header_font_size=&#8220;24&#8243; border_color_all_image=&#8220;#b54a64&#8243; global_colors_info=&#8220;{}&#8220;]<\/p>\n<p>Following in the footsteps of his grandfather Paul Iby\u2014almost skipping a generation\u2014Michael took over responsibility for <b>WEIN-GUT IBY-LEHRNER<\/b> at a young age. With a confident yet approachable manner, Michael now runs an estate of more than 18 hectares as head winemaker and cellar master.<\/p>\n<p>His passion is clearly reflected in the range of wines: Blaufr\u00e4nkisch. He vinifies this grape variety in an impressive diversity, unmatched by many other wineries. Each vintage brings new challenges, which Michael gladly embraces, creating wines that make the differences between the individual vineyard sites of Horitschon clearly perceptible\u2014both in taste and drinkability. A recognizable style and consistently high quality are the core goals of Michael Lehrner.<\/p>\n<p>[\/et_pb_team_member][\/et_pb_column][\/et_pb_row][et_pb_row _builder_version=&#8220;4.16&#8243; background_size=&#8220;initial&#8220; background_position=&#8220;top_left&#8220; background_repeat=&#8220;repeat&#8220; global_colors_info=&#8220;{}&#8220;][et_pb_column type=&#8220;4_4&#8243; _builder_version=&#8220;4.16&#8243; custom_padding=&#8220;|||&#8220; global_colors_info=&#8220;{}&#8220; custom_padding__hover=&#8220;|||&#8220;][et_pb_team_member name=&#8220;Daf\u00fcr stehen wir&#8220; position=&#8220;Heimat \u2013 Stolz \u2013 Identit\u00e4t \u2013 Boden&#8220; admin_label=&#8220;Person &#8211; photo 510px wide&#8220; _builder_version=&#8220;4.16&#8243; header_font=&#8220;|||on|||||&#8220; header_font_size=&#8220;24&#8243; global_colors_info=&#8220;{}&#8220;]<\/p>\n<p>Authentic and honest wines \u2013 <b>Blaufr\u00e4nkisch<\/b> as the identity of our home. No other grape variety represents this region as strongly, revealing the full potential of the soil and, of course, the winemaker, whose personal signature is reflected in every wine.<\/p>\n<p>Producing outstanding wines means treating natural resources with care, understanding the soils, and applying true craftsmanship.<\/p>\n<p>With pride, we look at our wines that never deny their origins and carry our personal signature from vineyard to bottle.<\/p>\n<p>[\/et_pb_team_member][\/et_pb_column][\/et_pb_row][\/et_pb_section]<\/p>","protected":false},"excerpt":{"rendered":"<p>Melanie ist nicht einfach nur die Partnerin an der Seite des Winzers Michael, sie ist vielmehr verantwortlich f\u00fcr den reibungslosen Ablauf s\u00e4mtlicher Prozesse im Haus und hat f\u00fcr die Besucher des WEIN-GUTES immer ein freundliches L\u00e4cheln auf den Lippen. Der Organisation des WEIN-GUTES nicht genug, k\u00fcmmert sie sich auch noch liebevoll um die beiden Kinder. [&hellip;]<\/p>","protected":false},"author":2,"featured_media":0,"parent":0,"menu_order":0,"comment_status":"closed","ping_status":"closed","template":"","meta":{"_et_pb_use_builder":"on","_et_pb_old_content":"","_et_gb_content_width":"","footnotes":""},"class_list":["post-137","page","type-page","status-publish","hentry"],"_links":{"self":[{"href":"https:\/\/www.iby-lehrner.at\/en\/wp-json\/wp\/v2\/pages\/137","targetHints":{"allow":["GET"]}}],"collection":[{"href":"https:\/\/www.iby-lehrner.at\/en\/wp-json\/wp\/v2\/pages"}],"about":[{"href":"https:\/\/www.iby-lehrner.at\/en\/wp-json\/wp\/v2\/types\/page"}],"author":[{"embeddable":true,"href":"https:\/\/www.iby-lehrner.at\/en\/wp-json\/wp\/v2\/users\/2"}],"replies":[{"embeddable":true,"href":"https:\/\/www.iby-lehrner.at\/en\/wp-json\/wp\/v2\/comments?post=137"}],"version-history":[{"count":5,"href":"https:\/\/www.iby-lehrner.at\/en\/wp-json\/wp\/v2\/pages\/137\/revisions"}],"predecessor-version":[{"id":2207,"href":"https:\/\/www.iby-lehrner.at\/en\/wp-json\/wp\/v2\/pages\/137\/revisions\/2207"}],"wp:attachment":[{"href":"https:\/\/www.iby-lehrner.at\/en\/wp-json\/wp\/v2\/media?parent=137"}],"curies":[{"name":"wp","href":"https:\/\/api.w.org\/{rel}","templated":true}]}}