{"id":947,"date":"2020-04-23T13:38:24","date_gmt":"2020-04-23T11:38:24","guid":{"rendered":"https:\/\/test07.web128.s96.goserver.host\/?page_id=947"},"modified":"2026-02-28T11:26:39","modified_gmt":"2026-02-28T10:26:39","slug":"horitschon","status":"publish","type":"page","link":"https:\/\/www.iby-lehrner.at\/en\/horitschon\/","title":{"rendered":"Horitschon"},"content":{"rendered":"<p>[et_pb_section fb_built=&#8220;1&#8243; fullwidth=&#8220;on&#8220; _builder_version=&#8220;4.16&#8243; global_colors_info=&#8220;{}&#8220;][et_pb_fullwidth_header title=&#8220;Weingut in Horitschon \u2013 Blaufr\u00e4nkisch aus dem Herzen des Burgenlands&#8220; subhead=&#8220;Der Mittelpunkt der Blaufr\u00e4nkischkultur&#8220; admin_label=&#8220;Fullwidth Header &#8211; background image 1920 x 800px&#8220; module_class=&#8220;dd-fixed-bg&#8220; _builder_version=&#8220;4.27.5&#8243; title_font=&#8220;|||on|||||&#8220; title_text_align=&#8220;center&#8220; title_font_size=&#8220;60px&#8220; subhead_text_align=&#8220;center&#8220; subhead_text_color=&#8220;#ffffff&#8220; background_color=&#8220;rgba(255, 255, 255, 0)&#8220; background_image=&#8220;https:\/\/www.iby-lehrner.at\/wp-content\/uploads\/2020\/04\/panorama_weinberge1920.jpg&#8220; background_position=&#8220;top_center&#8220; hover_enabled=&#8220;0&#8243; title_text_shadow_style=&#8220;preset2&#8243; title_text_shadow_horizontal_length=&#8220;0.03em&#8220; title_text_shadow_vertical_length=&#8220;0.03em&#8220; title_text_shadow_blur_strength=&#8220;0.05em&#8220; title_text_shadow_color=&#8220;#b54a64&#8243; subhead_text_shadow_style=&#8220;preset5&#8243; subhead_text_shadow_color=&#8220;#000000&#8243; locked=&#8220;off&#8220; global_colors_info=&#8220;{}&#8220; button_one_text_size__hover_enabled=&#8220;off&#8220; button_two_text_size__hover_enabled=&#8220;off&#8220; button_one_text_color__hover_enabled=&#8220;off&#8220; button_two_text_color__hover_enabled=&#8220;off&#8220; button_one_border_width__hover_enabled=&#8220;off&#8220; button_two_border_width__hover_enabled=&#8220;off&#8220; button_one_border_color__hover_enabled=&#8220;off&#8220; button_two_border_color__hover_enabled=&#8220;off&#8220; button_one_border_radius__hover_enabled=&#8220;off&#8220; button_two_border_radius__hover_enabled=&#8220;off&#8220; button_one_letter_spacing__hover_enabled=&#8220;off&#8220; button_two_letter_spacing__hover_enabled=&#8220;off&#8220; button_one_bg_color__hover_enabled=&#8220;off&#8220; button_two_bg_color__hover_enabled=&#8220;off&#8220; sticky_enabled=&#8220;0&#8243; title_line_height=&#8220;1.1em&#8220;][\/et_pb_fullwidth_header][\/et_pb_section][et_pb_section fb_built=&#8220;1&#8243; module_class=&#8220;dd-team&#8220; _builder_version=&#8220;4.16&#8243; background_color=&#8220;#ffffff&#8220; global_colors_info=&#8220;{}&#8220;][et_pb_row _builder_version=&#8220;4.16&#8243; background_size=&#8220;initial&#8220; background_position=&#8220;top_left&#8220; background_repeat=&#8220;repeat&#8220; global_colors_info=&#8220;{}&#8220;][et_pb_column type=&#8220;4_4&#8243; _builder_version=&#8220;4.16&#8243; custom_padding=&#8220;|||&#8220; global_colors_info=&#8220;{}&#8220; custom_padding__hover=&#8220;|||&#8220;][et_pb_team_member name=&#8220;Horitschon \u2013 Zentrum des Blaufr\u00e4nkischkultur&#8220; position=&#8220;Tief verwurzelt im Mittelburgenland bearbeiten wir die Weing\u00e4rten rund um Horitschon. &#8220; admin_label=&#8220;Person &#8211; photo 510px wide&#8220; _builder_version=&#8220;4.27.5&#8243; header_font=&#8220;|||on|||||&#8220; header_font_size=&#8220;24px&#8220; hover_enabled=&#8220;0&#8243; global_colors_info=&#8220;{}&#8220; header_level=&#8220;h2&#8243; sticky_enabled=&#8220;0&#8243;]<\/p>\n<p>This village, nestled at the foot of the \u00d6denburg Mountains, is one of the birthplaces of Austria\u2019s red wine miracle. Almost picture-perfect, Horitschon is surrounded by famous vineyard sites such as <b>Hoch\u00e4cker, D\u00fcrrau, and Raga.<\/b><\/p>\n<p>The soils here are uniquely special \u2014 nowhere else can you find such distinctive ground that directly influences the taste of the wines. The heavy, deep loamy soils are ideal for <b>Blaufr\u00e4nkisch<\/b>, giving the wines their characteristic earthy spice and complexity. Even today \u2014 or perhaps especially today \u2014 wines from Horitschon stand as a guarantee for great red wines, showcasing the rich layers of Blaufr\u00e4nkisch like never before.<\/p>\n<p>Nowadays, Horitschon is also a model region for sustainable and natural viticulture and serves as the heart of Blaufr\u00e4nkisch culture. It shapes Austria\u2019s wine scene and makes the hearts of wine lovers everywhere beat faster.<\/p>\n<p>[\/et_pb_team_member][\/et_pb_column][\/et_pb_row][et_pb_row use_custom_gutter=&#8220;on&#8220; gutter_width=&#8220;1&#8243; _builder_version=&#8220;4.16&#8243; global_colors_info=&#8220;{}&#8220;][et_pb_column type=&#8220;4_4&#8243; _builder_version=&#8220;4.16&#8243; global_colors_info=&#8220;{}&#8220;][et_pb_gallery gallery_ids=&#8220;1008,1007,1006,1005,1004,1003,1002,1001,1000,998,997,996,995,994,993,999&#8243; posts_number=&#8220;16&#8243; show_title_and_caption=&#8220;off&#8220; show_pagination=&#8220;off&#8220; _builder_version=&#8220;4.16&#8243; global_colors_info=&#8220;{}&#8220;][\/et_pb_gallery][\/et_pb_column][\/et_pb_row][\/et_pb_section]<\/p>","protected":false},"excerpt":{"rendered":"<p>Einer der Ursprungsorte f\u00fcr das \u00f6sterreichische Rotweinwunder liegt am Fu\u00dfe des \u00d6denburger Gebirges. Fast schon malerisch eingebettet zwischen den Rotweinreben wird Horitschon von so bekannten Lagen wie Hoch\u00e4cker, D\u00fcrrau oder Raga umschlossen. Die B\u00f6den sind von einzigartiger Beschaffenheit \u2013 nirgendwo sonst findet man derartige B\u00f6den, die einen direkten Einfluss auf den Geschmack der Weine aus\u00fcben. [&hellip;]<\/p>","protected":false},"author":2,"featured_media":0,"parent":0,"menu_order":0,"comment_status":"closed","ping_status":"closed","template":"","meta":{"_et_pb_use_builder":"on","_et_pb_old_content":"","_et_gb_content_width":"","footnotes":""},"class_list":["post-947","page","type-page","status-publish","hentry"],"_links":{"self":[{"href":"https:\/\/www.iby-lehrner.at\/en\/wp-json\/wp\/v2\/pages\/947","targetHints":{"allow":["GET"]}}],"collection":[{"href":"https:\/\/www.iby-lehrner.at\/en\/wp-json\/wp\/v2\/pages"}],"about":[{"href":"https:\/\/www.iby-lehrner.at\/en\/wp-json\/wp\/v2\/types\/page"}],"author":[{"embeddable":true,"href":"https:\/\/www.iby-lehrner.at\/en\/wp-json\/wp\/v2\/users\/2"}],"replies":[{"embeddable":true,"href":"https:\/\/www.iby-lehrner.at\/en\/wp-json\/wp\/v2\/comments?post=947"}],"version-history":[{"count":3,"href":"https:\/\/www.iby-lehrner.at\/en\/wp-json\/wp\/v2\/pages\/947\/revisions"}],"predecessor-version":[{"id":2214,"href":"https:\/\/www.iby-lehrner.at\/en\/wp-json\/wp\/v2\/pages\/947\/revisions\/2214"}],"wp:attachment":[{"href":"https:\/\/www.iby-lehrner.at\/en\/wp-json\/wp\/v2\/media?parent=947"}],"curies":[{"name":"wp","href":"https:\/\/api.w.org\/{rel}","templated":true}]}}